{"id":32839,"date":"2023-09-21T15:46:58","date_gmt":"2023-09-21T21:46:58","guid":{"rendered":"https:\/\/portalnetsites.com\/bmwEcommerceWP\/?post_type=product&#038;p=32839"},"modified":"2024-08-28T14:33:25","modified_gmt":"2024-08-28T20:33:25","slug":"portallaves-de-cuero-ix","status":"publish","type":"product","link":"https:\/\/portalnetsites.com\/bmwEcommerceWP\/carrito\/bmw\/lifestyle-bmw\/portallaves-de-cuero-ix\/","title":{"rendered":"PORTALLAVES DE CUERO IX"},"content":{"rendered":"<p><span data-sheets-value=\"{&quot;1&quot;:2,&quot;2&quot;:&quot;Funda llave de cuero BMW.nEsta funda hecha de cuero Nappa de primera calidad protege la llave BMW de la suciedad y los ara\u00f1azos y tiene un aspecto particularmente elegante.n\u2022 Los botones de funci\u00f3n son de libre acceso para que no sea necesario sacar la llave de la caja.n\u2022 El cuero fino tiene una sensaci\u00f3n premium y enfatiza los contornos de la llave BMW.n\u2022 La llave BMW se puede quitar r\u00e1pidamente de la caja con una correa.nSe adapta al dise\u00f1o de teclas m\u00e1s nuevo en F98 X4M LCI, G05 X5 LCI, G07 X7 LCI, G70 7 Series, G09 XM, U11 X1 e I20 iX&quot;}\" data-sheets-userformat=\"{&quot;2&quot;:11135,&quot;3&quot;:{&quot;1&quot;:0},&quot;4&quot;:{&quot;1&quot;:3,&quot;3&quot;:2},&quot;5&quot;:{&quot;1&quot;:[{&quot;1&quot;:2,&quot;2&quot;:0,&quot;5&quot;:{&quot;1&quot;:2,&quot;2&quot;:0}},{&quot;1&quot;:0,&quot;2&quot;:0,&quot;3&quot;:3},{&quot;1&quot;:1,&quot;2&quot;:0,&quot;4&quot;:1}]},&quot;6&quot;:{&quot;1&quot;:[{&quot;1&quot;:2,&quot;2&quot;:0,&quot;5&quot;:{&quot;1&quot;:2,&quot;2&quot;:0}},{&quot;1&quot;:0,&quot;2&quot;:0,&quot;3&quot;:3},{&quot;1&quot;:1,&quot;2&quot;:0,&quot;4&quot;:1}]},&quot;7&quot;:{&quot;1&quot;:[{&quot;1&quot;:2,&quot;2&quot;:0,&quot;5&quot;:{&quot;1&quot;:2,&quot;2&quot;:0}},{&quot;1&quot;:0,&quot;2&quot;:0,&quot;3&quot;:3},{&quot;1&quot;:1,&quot;2&quot;:0,&quot;4&quot;:1}]},&quot;8&quot;:{&quot;1&quot;:[{&quot;1&quot;:2,&quot;2&quot;:0,&quot;5&quot;:{&quot;1&quot;:2,&quot;2&quot;:0}},{&quot;1&quot;:0,&quot;2&quot;:0,&quot;3&quot;:3},{&quot;1&quot;:1,&quot;2&quot;:0,&quot;4&quot;:1}]},&quot;9&quot;:0,&quot;11&quot;:0,&quot;12&quot;:0,&quot;14&quot;:{&quot;1&quot;:2,&quot;2&quot;:0},&quot;16&quot;:11}\">Funda llave de cuero BMW.<br \/>\nEsta funda hecha de cuero Nappa de primera calidad protege la llave BMW de la suciedad y los ara\u00f1azos y tiene un aspecto particularmente elegante.<br \/>\n\u2022 Los botones de funci\u00f3n son de libre acceso para que no sea necesario sacar la llave de la caja.<br \/>\n\u2022 El cuero fino tiene una sensaci\u00f3n premium y enfatiza los contornos de la llave BMW.<br \/>\n\u2022 La llave BMW se puede quitar r\u00e1pidamente de la caja con una correa.<br \/>\nSe adapta al dise\u00f1o de teclas m\u00e1s nuevo en F98 X4M LCI, G05 X5 LCI, G07 X7 LCI, G70 7 Series, G09 XM, U11 X1 e I20 iX<\/span><\/p>\n","protected":false},"excerpt":{"rendered":"<p>Las im\u00e1genes son con fines ilustrativos<\/p>\n","protected":false},"featured_media":33113,"comment_status":"open","ping_status":"closed","template":"","meta":[],"product_brand":[],"product_cat":[496,497],"product_tag":[535,716,536],"class_list":{"0":"post-32839","1":"product","2":"type-product","3":"status-publish","4":"has-post-thumbnail","6":"product_cat-bmw","7":"product_cat-lifestyle-bmw","8":"product_tag-articulos-de-cuero","9":"product_tag-llavero-bmw","10":"product_tag-llaveros","12":"first","13":"instock","14":"taxable","15":"shipping-taxable","16":"purchasable","17":"product-type-simple"},"yoast_head":"<!-- This site is optimized with the Yoast SEO Premium plugin v22.9 (Yoast SEO v23.3) - https:\/\/yoast.com\/wordpress\/plugins\/seo\/ -->\n<title>PORTALLAVES DE CUERO IX - Red Motors Shop<\/title>\n<meta name=\"robots\" content=\"index, follow, max-snippet:-1, max-image-preview:large, max-video-preview:-1\" \/>\n<link rel=\"canonical\" href=\"https:\/\/portalnetsites.com\/bmwEcommerceWP\/carrito\/bmw\/lifestyle-bmw\/portallaves-de-cuero-ix\/\" \/>\n<meta property=\"og:locale\" content=\"es_ES\" \/>\n<meta property=\"og:type\" content=\"article\" \/>\n<meta property=\"og:title\" content=\"PORTALLAVES DE CUERO IX\" \/>\n<meta property=\"og:description\" content=\"Las im\u00e1genes son con fines ilustrativos\" \/>\n<meta property=\"og:url\" content=\"https:\/\/portalnetsites.com\/bmwEcommerceWP\/carrito\/bmw\/lifestyle-bmw\/portallaves-de-cuero-ix\/\" \/>\n<meta property=\"og:site_name\" content=\"Red Motors Shop\" \/>\n<meta property=\"article:modified_time\" content=\"2024-08-28T20:33:25+00:00\" \/>\n<meta property=\"og:image\" content=\"https:\/\/portalnetsites.com\/bmwEcommerceWP\/wp-content\/uploads\/2023\/09\/1-1.png\" \/>\n\t<meta property=\"og:image:width\" content=\"600\" \/>\n\t<meta property=\"og:image:height\" content=\"600\" \/>\n\t<meta property=\"og:image:type\" content=\"image\/png\" \/>\n<meta name=\"twitter:card\" content=\"summary_large_image\" \/>\n<meta name=\"twitter:label1\" content=\"Est. reading time\" \/>\n\t<meta name=\"twitter:data1\" content=\"1 minuto\" \/>\n<script type=\"application\/ld+json\" class=\"yoast-schema-graph\">{\"@context\":\"https:\/\/schema.org\",\"@graph\":[{\"@type\":\"WebPage\",\"@id\":\"https:\/\/portalnetsites.com\/bmwEcommerceWP\/carrito\/bmw\/lifestyle-bmw\/portallaves-de-cuero-ix\/\",\"url\":\"https:\/\/portalnetsites.com\/bmwEcommerceWP\/carrito\/bmw\/lifestyle-bmw\/portallaves-de-cuero-ix\/\",\"name\":\"PORTALLAVES DE CUERO IX - Red Motors Shop\",\"isPartOf\":{\"@id\":\"https:\/\/portalnetsites.com\/bmwEcommerceWP\/#website\"},\"primaryImageOfPage\":{\"@id\":\"https:\/\/portalnetsites.com\/bmwEcommerceWP\/carrito\/bmw\/lifestyle-bmw\/portallaves-de-cuero-ix\/#primaryimage\"},\"image\":{\"@id\":\"https:\/\/portalnetsites.com\/bmwEcommerceWP\/carrito\/bmw\/lifestyle-bmw\/portallaves-de-cuero-ix\/#primaryimage\"},\"thumbnailUrl\":\"https:\/\/portalnetsites.com\/bmwEcommerceWP\/wp-content\/uploads\/2023\/09\/1-1.png\",\"datePublished\":\"2023-09-21T21:46:58+00:00\",\"dateModified\":\"2024-08-28T20:33:25+00:00\",\"breadcrumb\":{\"@id\":\"https:\/\/portalnetsites.com\/bmwEcommerceWP\/carrito\/bmw\/lifestyle-bmw\/portallaves-de-cuero-ix\/#breadcrumb\"},\"inLanguage\":\"es-CR\",\"potentialAction\":[{\"@type\":\"ReadAction\",\"target\":[\"https:\/\/portalnetsites.com\/bmwEcommerceWP\/carrito\/bmw\/lifestyle-bmw\/portallaves-de-cuero-ix\/\"]}]},{\"@type\":\"ImageObject\",\"inLanguage\":\"es-CR\",\"@id\":\"https:\/\/portalnetsites.com\/bmwEcommerceWP\/carrito\/bmw\/lifestyle-bmw\/portallaves-de-cuero-ix\/#primaryimage\",\"url\":\"https:\/\/portalnetsites.com\/bmwEcommerceWP\/wp-content\/uploads\/2023\/09\/1-1.png\",\"contentUrl\":\"https:\/\/portalnetsites.com\/bmwEcommerceWP\/wp-content\/uploads\/2023\/09\/1-1.png\",\"width\":600,\"height\":600},{\"@type\":\"BreadcrumbList\",\"@id\":\"https:\/\/portalnetsites.com\/bmwEcommerceWP\/carrito\/bmw\/lifestyle-bmw\/portallaves-de-cuero-ix\/#breadcrumb\",\"itemListElement\":[{\"@type\":\"ListItem\",\"position\":1,\"name\":\"Portada\",\"item\":\"https:\/\/portalnetsites.com\/bmwEcommerceWP\/\"},{\"@type\":\"ListItem\",\"position\":2,\"name\":\"Todos los Productos\",\"item\":\"https:\/\/portalnetsites.com\/bmwEcommerceWP\/todos-los-productos\/\"},{\"@type\":\"ListItem\",\"position\":3,\"name\":\"PORTALLAVES DE CUERO IX\"}]},{\"@type\":\"WebSite\",\"@id\":\"https:\/\/portalnetsites.com\/bmwEcommerceWP\/#website\",\"url\":\"https:\/\/portalnetsites.com\/bmwEcommerceWP\/\",\"name\":\"Shop Red Motors\",\"description\":\"Costa Rica\",\"publisher\":{\"@id\":\"https:\/\/portalnetsites.com\/bmwEcommerceWP\/#organization\"},\"potentialAction\":[{\"@type\":\"SearchAction\",\"target\":{\"@type\":\"EntryPoint\",\"urlTemplate\":\"https:\/\/portalnetsites.com\/bmwEcommerceWP\/?s={search_term_string}\"},\"query-input\":\"required name=search_term_string\"}],\"inLanguage\":\"es-CR\"},{\"@type\":\"Organization\",\"@id\":\"https:\/\/portalnetsites.com\/bmwEcommerceWP\/#organization\",\"name\":\"Red Motors\",\"url\":\"https:\/\/portalnetsites.com\/bmwEcommerceWP\/\",\"logo\":{\"@type\":\"ImageObject\",\"inLanguage\":\"es-CR\",\"@id\":\"https:\/\/portalnetsites.com\/bmwEcommerceWP\/#\/schema\/logo\/image\/\",\"url\":\"https:\/\/portalnetsites.com\/bmwEcommerceWP\/wp-content\/uploads\/2023\/09\/L-RedMotors.png\",\"contentUrl\":\"https:\/\/portalnetsites.com\/bmwEcommerceWP\/wp-content\/uploads\/2023\/09\/L-RedMotors.png\",\"width\":200,\"height\":48,\"caption\":\"Red Motors\"},\"image\":{\"@id\":\"https:\/\/portalnetsites.com\/bmwEcommerceWP\/#\/schema\/logo\/image\/\"}}]}<\/script>\n<!-- \/ Yoast SEO Premium plugin. -->","yoast_head_json":{"title":"PORTALLAVES DE CUERO IX - Red Motors Shop","robots":{"index":"index","follow":"follow","max-snippet":"max-snippet:-1","max-image-preview":"max-image-preview:large","max-video-preview":"max-video-preview:-1"},"canonical":"https:\/\/portalnetsites.com\/bmwEcommerceWP\/carrito\/bmw\/lifestyle-bmw\/portallaves-de-cuero-ix\/","og_locale":"es_ES","og_type":"article","og_title":"PORTALLAVES DE CUERO IX","og_description":"Las im\u00e1genes son con fines ilustrativos","og_url":"https:\/\/portalnetsites.com\/bmwEcommerceWP\/carrito\/bmw\/lifestyle-bmw\/portallaves-de-cuero-ix\/","og_site_name":"Red Motors Shop","article_modified_time":"2024-08-28T20:33:25+00:00","og_image":[{"width":600,"height":600,"url":"https:\/\/portalnetsites.com\/bmwEcommerceWP\/wp-content\/uploads\/2023\/09\/1-1.png","type":"image\/png"}],"twitter_card":"summary_large_image","twitter_misc":{"Est. reading time":"1 minuto"},"schema":{"@context":"https:\/\/schema.org","@graph":[{"@type":"WebPage","@id":"https:\/\/portalnetsites.com\/bmwEcommerceWP\/carrito\/bmw\/lifestyle-bmw\/portallaves-de-cuero-ix\/","url":"https:\/\/portalnetsites.com\/bmwEcommerceWP\/carrito\/bmw\/lifestyle-bmw\/portallaves-de-cuero-ix\/","name":"PORTALLAVES DE CUERO IX - Red Motors Shop","isPartOf":{"@id":"https:\/\/portalnetsites.com\/bmwEcommerceWP\/#website"},"primaryImageOfPage":{"@id":"https:\/\/portalnetsites.com\/bmwEcommerceWP\/carrito\/bmw\/lifestyle-bmw\/portallaves-de-cuero-ix\/#primaryimage"},"image":{"@id":"https:\/\/portalnetsites.com\/bmwEcommerceWP\/carrito\/bmw\/lifestyle-bmw\/portallaves-de-cuero-ix\/#primaryimage"},"thumbnailUrl":"https:\/\/portalnetsites.com\/bmwEcommerceWP\/wp-content\/uploads\/2023\/09\/1-1.png","datePublished":"2023-09-21T21:46:58+00:00","dateModified":"2024-08-28T20:33:25+00:00","breadcrumb":{"@id":"https:\/\/portalnetsites.com\/bmwEcommerceWP\/carrito\/bmw\/lifestyle-bmw\/portallaves-de-cuero-ix\/#breadcrumb"},"inLanguage":"es-CR","potentialAction":[{"@type":"ReadAction","target":["https:\/\/portalnetsites.com\/bmwEcommerceWP\/carrito\/bmw\/lifestyle-bmw\/portallaves-de-cuero-ix\/"]}]},{"@type":"ImageObject","inLanguage":"es-CR","@id":"https:\/\/portalnetsites.com\/bmwEcommerceWP\/carrito\/bmw\/lifestyle-bmw\/portallaves-de-cuero-ix\/#primaryimage","url":"https:\/\/portalnetsites.com\/bmwEcommerceWP\/wp-content\/uploads\/2023\/09\/1-1.png","contentUrl":"https:\/\/portalnetsites.com\/bmwEcommerceWP\/wp-content\/uploads\/2023\/09\/1-1.png","width":600,"height":600},{"@type":"BreadcrumbList","@id":"https:\/\/portalnetsites.com\/bmwEcommerceWP\/carrito\/bmw\/lifestyle-bmw\/portallaves-de-cuero-ix\/#breadcrumb","itemListElement":[{"@type":"ListItem","position":1,"name":"Portada","item":"https:\/\/portalnetsites.com\/bmwEcommerceWP\/"},{"@type":"ListItem","position":2,"name":"Todos los Productos","item":"https:\/\/portalnetsites.com\/bmwEcommerceWP\/todos-los-productos\/"},{"@type":"ListItem","position":3,"name":"PORTALLAVES DE CUERO IX"}]},{"@type":"WebSite","@id":"https:\/\/portalnetsites.com\/bmwEcommerceWP\/#website","url":"https:\/\/portalnetsites.com\/bmwEcommerceWP\/","name":"Shop Red Motors","description":"Costa Rica","publisher":{"@id":"https:\/\/portalnetsites.com\/bmwEcommerceWP\/#organization"},"potentialAction":[{"@type":"SearchAction","target":{"@type":"EntryPoint","urlTemplate":"https:\/\/portalnetsites.com\/bmwEcommerceWP\/?s={search_term_string}"},"query-input":"required name=search_term_string"}],"inLanguage":"es-CR"},{"@type":"Organization","@id":"https:\/\/portalnetsites.com\/bmwEcommerceWP\/#organization","name":"Red Motors","url":"https:\/\/portalnetsites.com\/bmwEcommerceWP\/","logo":{"@type":"ImageObject","inLanguage":"es-CR","@id":"https:\/\/portalnetsites.com\/bmwEcommerceWP\/#\/schema\/logo\/image\/","url":"https:\/\/portalnetsites.com\/bmwEcommerceWP\/wp-content\/uploads\/2023\/09\/L-RedMotors.png","contentUrl":"https:\/\/portalnetsites.com\/bmwEcommerceWP\/wp-content\/uploads\/2023\/09\/L-RedMotors.png","width":200,"height":48,"caption":"Red Motors"},"image":{"@id":"https:\/\/portalnetsites.com\/bmwEcommerceWP\/#\/schema\/logo\/image\/"}}]}},"_links":{"self":[{"href":"https:\/\/portalnetsites.com\/bmwEcommerceWP\/wp-json\/wp\/v2\/product\/32839","targetHints":{"allow":["GET"]}}],"collection":[{"href":"https:\/\/portalnetsites.com\/bmwEcommerceWP\/wp-json\/wp\/v2\/product"}],"about":[{"href":"https:\/\/portalnetsites.com\/bmwEcommerceWP\/wp-json\/wp\/v2\/types\/product"}],"replies":[{"embeddable":true,"href":"https:\/\/portalnetsites.com\/bmwEcommerceWP\/wp-json\/wp\/v2\/comments?post=32839"}],"wp:featuredmedia":[{"embeddable":true,"href":"https:\/\/portalnetsites.com\/bmwEcommerceWP\/wp-json\/wp\/v2\/media\/33113"}],"wp:attachment":[{"href":"https:\/\/portalnetsites.com\/bmwEcommerceWP\/wp-json\/wp\/v2\/media?parent=32839"}],"wp:term":[{"taxonomy":"product_brand","embeddable":true,"href":"https:\/\/portalnetsites.com\/bmwEcommerceWP\/wp-json\/wp\/v2\/product_brand?post=32839"},{"taxonomy":"product_cat","embeddable":true,"href":"https:\/\/portalnetsites.com\/bmwEcommerceWP\/wp-json\/wp\/v2\/product_cat?post=32839"},{"taxonomy":"product_tag","embeddable":true,"href":"https:\/\/portalnetsites.com\/bmwEcommerceWP\/wp-json\/wp\/v2\/product_tag?post=32839"}],"curies":[{"name":"wp","href":"https:\/\/api.w.org\/{rel}","templated":true}]}}