{"id":32954,"date":"2023-09-21T19:52:59","date_gmt":"2023-09-22T01:52:59","guid":{"rendered":"https:\/\/portalnetsites.com\/bmwEcommerceWP\/?post_type=product&#038;p=32954"},"modified":"2024-08-15T00:14:00","modified_gmt":"2024-08-15T06:14:00","slug":"mini-water-bottle-colour-block-2","status":"publish","type":"product","link":"https:\/\/portalnetsites.com\/bmwEcommerceWP\/carrito\/redmotors\/lifestyle-redmotors\/mini-water-bottle-colour-block-2\/","title":{"rendered":"MINI WATER BOTTLE COLOUR BLOCK"},"content":{"rendered":"<p><span data-sheets-value=\"{&quot;1&quot;:2,&quot;2&quot;:&quot;Esta botella reutilizable ayuda a reducir el desperdicio. La botella de agua MINI tiene un tap\u00f3n de rosca cl\u00e1sico, as\u00ed como una abertura de tornillo adicional m\u00e1s grande para facilitar la recarga y se adapta perfectamente al portavasos MINI. La parte superior mate y contrastante presenta el dise\u00f1o t\u00edpico de bloque de color MINI y presenta un logotipo de MINI Wing en relieve.&quot;}\" data-sheets-userformat=\"{&quot;2&quot;:10877,&quot;3&quot;:{&quot;1&quot;:0},&quot;5&quot;:{&quot;1&quot;:[{&quot;1&quot;:2,&quot;2&quot;:0,&quot;5&quot;:{&quot;1&quot;:2,&quot;2&quot;:0}},{&quot;1&quot;:0,&quot;2&quot;:0,&quot;3&quot;:3},{&quot;1&quot;:1,&quot;2&quot;:0,&quot;4&quot;:1}]},&quot;6&quot;:{&quot;1&quot;:[{&quot;1&quot;:2,&quot;2&quot;:0,&quot;5&quot;:{&quot;1&quot;:2,&quot;2&quot;:0}},{&quot;1&quot;:0,&quot;2&quot;:0,&quot;3&quot;:3},{&quot;1&quot;:1,&quot;2&quot;:0,&quot;4&quot;:1}]},&quot;7&quot;:{&quot;1&quot;:[{&quot;1&quot;:2,&quot;2&quot;:0,&quot;5&quot;:{&quot;1&quot;:2,&quot;2&quot;:0}},{&quot;1&quot;:0,&quot;2&quot;:0,&quot;3&quot;:3},{&quot;1&quot;:1,&quot;2&quot;:0,&quot;4&quot;:1}]},&quot;8&quot;:{&quot;1&quot;:[{&quot;1&quot;:2,&quot;2&quot;:0,&quot;5&quot;:{&quot;1&quot;:2,&quot;2&quot;:0}},{&quot;1&quot;:0,&quot;2&quot;:0,&quot;3&quot;:3},{&quot;1&quot;:1,&quot;2&quot;:0,&quot;4&quot;:1}]},&quot;9&quot;:0,&quot;12&quot;:0,&quot;14&quot;:{&quot;1&quot;:2,&quot;2&quot;:0},&quot;16&quot;:11}\">Esta botella reutilizable ayuda a reducir el desperdicio. La botella de agua MINI tiene un tap\u00f3n de rosca cl\u00e1sico, as\u00ed como una abertura de tornillo adicional m\u00e1s grande para facilitar la recarga y se adapta perfectamente al portavasos MINI. La parte superior mate y contrastante presenta el dise\u00f1o t\u00edpico de bloque de color MINI y presenta un logotipo de MINI Wing en relieve.<\/span><\/p>\n","protected":false},"excerpt":{"rendered":"<p>Las im\u00e1genes son con fines ilustrativos<\/p>\n","protected":false},"featured_media":33026,"comment_status":"open","ping_status":"closed","template":"","meta":[],"product_brand":[],"product_cat":[503,523,512,511,495],"product_tag":[538,753],"class_list":{"0":"post-32954","1":"product","2":"type-product","3":"status-publish","4":"has-post-thumbnail","6":"product_cat-lifestyle-redmotors","7":"product_cat-lifestyle","8":"product_cat-lifestyle-mini","9":"product_cat-mini","10":"product_cat-redmotors","11":"product_tag-termovasos-y-tazas","12":"product_tag-termovasos-y-tazas-mini","14":"first","15":"instock","16":"taxable","17":"shipping-taxable","18":"purchasable","19":"product-type-simple"},"yoast_head":"<!-- This site is optimized with the Yoast SEO Premium plugin v22.9 (Yoast SEO v23.3) - https:\/\/yoast.com\/wordpress\/plugins\/seo\/ -->\n<title>MINI WATER BOTTLE COLOUR BLOCK - Red Motors Shop<\/title>\n<meta name=\"robots\" content=\"index, follow, max-snippet:-1, max-image-preview:large, max-video-preview:-1\" \/>\n<link rel=\"canonical\" href=\"https:\/\/portalnetsites.com\/bmwEcommerceWP\/carrito\/mini\/lifestyle-mini\/mini-water-bottle-colour-block-2\/\" \/>\n<meta property=\"og:locale\" content=\"es_ES\" \/>\n<meta property=\"og:type\" content=\"article\" \/>\n<meta property=\"og:title\" content=\"MINI WATER BOTTLE COLOUR BLOCK\" \/>\n<meta property=\"og:description\" content=\"Las im\u00e1genes son con fines ilustrativos\" \/>\n<meta property=\"og:url\" content=\"https:\/\/portalnetsites.com\/bmwEcommerceWP\/carrito\/mini\/lifestyle-mini\/mini-water-bottle-colour-block-2\/\" \/>\n<meta property=\"og:site_name\" content=\"Red Motors Shop\" \/>\n<meta property=\"article:modified_time\" content=\"2024-08-15T06:14:00+00:00\" \/>\n<meta property=\"og:image\" content=\"https:\/\/portalnetsites.com\/bmwEcommerceWP\/wp-content\/uploads\/2023\/09\/8.png\" \/>\n\t<meta property=\"og:image:width\" content=\"600\" \/>\n\t<meta property=\"og:image:height\" content=\"600\" \/>\n\t<meta property=\"og:image:type\" content=\"image\/png\" \/>\n<meta name=\"twitter:card\" content=\"summary_large_image\" \/>\n<script type=\"application\/ld+json\" class=\"yoast-schema-graph\">{\"@context\":\"https:\/\/schema.org\",\"@graph\":[{\"@type\":\"WebPage\",\"@id\":\"https:\/\/portalnetsites.com\/bmwEcommerceWP\/carrito\/mini\/lifestyle-mini\/mini-water-bottle-colour-block-2\/\",\"url\":\"https:\/\/portalnetsites.com\/bmwEcommerceWP\/carrito\/mini\/lifestyle-mini\/mini-water-bottle-colour-block-2\/\",\"name\":\"MINI WATER BOTTLE COLOUR BLOCK - Red Motors Shop\",\"isPartOf\":{\"@id\":\"https:\/\/portalnetsites.com\/bmwEcommerceWP\/#website\"},\"primaryImageOfPage\":{\"@id\":\"https:\/\/portalnetsites.com\/bmwEcommerceWP\/carrito\/mini\/lifestyle-mini\/mini-water-bottle-colour-block-2\/#primaryimage\"},\"image\":{\"@id\":\"https:\/\/portalnetsites.com\/bmwEcommerceWP\/carrito\/mini\/lifestyle-mini\/mini-water-bottle-colour-block-2\/#primaryimage\"},\"thumbnailUrl\":\"https:\/\/portalnetsites.com\/bmwEcommerceWP\/wp-content\/uploads\/2023\/09\/8.png\",\"datePublished\":\"2023-09-22T01:52:59+00:00\",\"dateModified\":\"2024-08-15T06:14:00+00:00\",\"breadcrumb\":{\"@id\":\"https:\/\/portalnetsites.com\/bmwEcommerceWP\/carrito\/mini\/lifestyle-mini\/mini-water-bottle-colour-block-2\/#breadcrumb\"},\"inLanguage\":\"es-CR\",\"potentialAction\":[{\"@type\":\"ReadAction\",\"target\":[\"https:\/\/portalnetsites.com\/bmwEcommerceWP\/carrito\/mini\/lifestyle-mini\/mini-water-bottle-colour-block-2\/\"]}]},{\"@type\":\"ImageObject\",\"inLanguage\":\"es-CR\",\"@id\":\"https:\/\/portalnetsites.com\/bmwEcommerceWP\/carrito\/mini\/lifestyle-mini\/mini-water-bottle-colour-block-2\/#primaryimage\",\"url\":\"https:\/\/portalnetsites.com\/bmwEcommerceWP\/wp-content\/uploads\/2023\/09\/8.png\",\"contentUrl\":\"https:\/\/portalnetsites.com\/bmwEcommerceWP\/wp-content\/uploads\/2023\/09\/8.png\",\"width\":600,\"height\":600},{\"@type\":\"BreadcrumbList\",\"@id\":\"https:\/\/portalnetsites.com\/bmwEcommerceWP\/carrito\/mini\/lifestyle-mini\/mini-water-bottle-colour-block-2\/#breadcrumb\",\"itemListElement\":[{\"@type\":\"ListItem\",\"position\":1,\"name\":\"Portada\",\"item\":\"https:\/\/portalnetsites.com\/bmwEcommerceWP\/\"},{\"@type\":\"ListItem\",\"position\":2,\"name\":\"Todos los Productos\",\"item\":\"https:\/\/portalnetsites.com\/bmwEcommerceWP\/todos-los-productos\/\"},{\"@type\":\"ListItem\",\"position\":3,\"name\":\"MINI WATER BOTTLE COLOUR BLOCK\"}]},{\"@type\":\"WebSite\",\"@id\":\"https:\/\/portalnetsites.com\/bmwEcommerceWP\/#website\",\"url\":\"https:\/\/portalnetsites.com\/bmwEcommerceWP\/\",\"name\":\"Shop Red Motors\",\"description\":\"Costa Rica\",\"publisher\":{\"@id\":\"https:\/\/portalnetsites.com\/bmwEcommerceWP\/#organization\"},\"potentialAction\":[{\"@type\":\"SearchAction\",\"target\":{\"@type\":\"EntryPoint\",\"urlTemplate\":\"https:\/\/portalnetsites.com\/bmwEcommerceWP\/?s={search_term_string}\"},\"query-input\":\"required name=search_term_string\"}],\"inLanguage\":\"es-CR\"},{\"@type\":\"Organization\",\"@id\":\"https:\/\/portalnetsites.com\/bmwEcommerceWP\/#organization\",\"name\":\"Red Motors\",\"url\":\"https:\/\/portalnetsites.com\/bmwEcommerceWP\/\",\"logo\":{\"@type\":\"ImageObject\",\"inLanguage\":\"es-CR\",\"@id\":\"https:\/\/portalnetsites.com\/bmwEcommerceWP\/#\/schema\/logo\/image\/\",\"url\":\"https:\/\/portalnetsites.com\/bmwEcommerceWP\/wp-content\/uploads\/2023\/09\/L-RedMotors.png\",\"contentUrl\":\"https:\/\/portalnetsites.com\/bmwEcommerceWP\/wp-content\/uploads\/2023\/09\/L-RedMotors.png\",\"width\":200,\"height\":48,\"caption\":\"Red Motors\"},\"image\":{\"@id\":\"https:\/\/portalnetsites.com\/bmwEcommerceWP\/#\/schema\/logo\/image\/\"}}]}<\/script>\n<!-- \/ Yoast SEO Premium plugin. -->","yoast_head_json":{"title":"MINI WATER BOTTLE COLOUR BLOCK - Red Motors Shop","robots":{"index":"index","follow":"follow","max-snippet":"max-snippet:-1","max-image-preview":"max-image-preview:large","max-video-preview":"max-video-preview:-1"},"canonical":"https:\/\/portalnetsites.com\/bmwEcommerceWP\/carrito\/mini\/lifestyle-mini\/mini-water-bottle-colour-block-2\/","og_locale":"es_ES","og_type":"article","og_title":"MINI WATER BOTTLE COLOUR BLOCK","og_description":"Las im\u00e1genes son con fines ilustrativos","og_url":"https:\/\/portalnetsites.com\/bmwEcommerceWP\/carrito\/mini\/lifestyle-mini\/mini-water-bottle-colour-block-2\/","og_site_name":"Red Motors Shop","article_modified_time":"2024-08-15T06:14:00+00:00","og_image":[{"width":600,"height":600,"url":"https:\/\/portalnetsites.com\/bmwEcommerceWP\/wp-content\/uploads\/2023\/09\/8.png","type":"image\/png"}],"twitter_card":"summary_large_image","schema":{"@context":"https:\/\/schema.org","@graph":[{"@type":"WebPage","@id":"https:\/\/portalnetsites.com\/bmwEcommerceWP\/carrito\/mini\/lifestyle-mini\/mini-water-bottle-colour-block-2\/","url":"https:\/\/portalnetsites.com\/bmwEcommerceWP\/carrito\/mini\/lifestyle-mini\/mini-water-bottle-colour-block-2\/","name":"MINI WATER BOTTLE COLOUR BLOCK - Red Motors Shop","isPartOf":{"@id":"https:\/\/portalnetsites.com\/bmwEcommerceWP\/#website"},"primaryImageOfPage":{"@id":"https:\/\/portalnetsites.com\/bmwEcommerceWP\/carrito\/mini\/lifestyle-mini\/mini-water-bottle-colour-block-2\/#primaryimage"},"image":{"@id":"https:\/\/portalnetsites.com\/bmwEcommerceWP\/carrito\/mini\/lifestyle-mini\/mini-water-bottle-colour-block-2\/#primaryimage"},"thumbnailUrl":"https:\/\/portalnetsites.com\/bmwEcommerceWP\/wp-content\/uploads\/2023\/09\/8.png","datePublished":"2023-09-22T01:52:59+00:00","dateModified":"2024-08-15T06:14:00+00:00","breadcrumb":{"@id":"https:\/\/portalnetsites.com\/bmwEcommerceWP\/carrito\/mini\/lifestyle-mini\/mini-water-bottle-colour-block-2\/#breadcrumb"},"inLanguage":"es-CR","potentialAction":[{"@type":"ReadAction","target":["https:\/\/portalnetsites.com\/bmwEcommerceWP\/carrito\/mini\/lifestyle-mini\/mini-water-bottle-colour-block-2\/"]}]},{"@type":"ImageObject","inLanguage":"es-CR","@id":"https:\/\/portalnetsites.com\/bmwEcommerceWP\/carrito\/mini\/lifestyle-mini\/mini-water-bottle-colour-block-2\/#primaryimage","url":"https:\/\/portalnetsites.com\/bmwEcommerceWP\/wp-content\/uploads\/2023\/09\/8.png","contentUrl":"https:\/\/portalnetsites.com\/bmwEcommerceWP\/wp-content\/uploads\/2023\/09\/8.png","width":600,"height":600},{"@type":"BreadcrumbList","@id":"https:\/\/portalnetsites.com\/bmwEcommerceWP\/carrito\/mini\/lifestyle-mini\/mini-water-bottle-colour-block-2\/#breadcrumb","itemListElement":[{"@type":"ListItem","position":1,"name":"Portada","item":"https:\/\/portalnetsites.com\/bmwEcommerceWP\/"},{"@type":"ListItem","position":2,"name":"Todos los Productos","item":"https:\/\/portalnetsites.com\/bmwEcommerceWP\/todos-los-productos\/"},{"@type":"ListItem","position":3,"name":"MINI WATER BOTTLE COLOUR BLOCK"}]},{"@type":"WebSite","@id":"https:\/\/portalnetsites.com\/bmwEcommerceWP\/#website","url":"https:\/\/portalnetsites.com\/bmwEcommerceWP\/","name":"Shop Red Motors","description":"Costa Rica","publisher":{"@id":"https:\/\/portalnetsites.com\/bmwEcommerceWP\/#organization"},"potentialAction":[{"@type":"SearchAction","target":{"@type":"EntryPoint","urlTemplate":"https:\/\/portalnetsites.com\/bmwEcommerceWP\/?s={search_term_string}"},"query-input":"required name=search_term_string"}],"inLanguage":"es-CR"},{"@type":"Organization","@id":"https:\/\/portalnetsites.com\/bmwEcommerceWP\/#organization","name":"Red Motors","url":"https:\/\/portalnetsites.com\/bmwEcommerceWP\/","logo":{"@type":"ImageObject","inLanguage":"es-CR","@id":"https:\/\/portalnetsites.com\/bmwEcommerceWP\/#\/schema\/logo\/image\/","url":"https:\/\/portalnetsites.com\/bmwEcommerceWP\/wp-content\/uploads\/2023\/09\/L-RedMotors.png","contentUrl":"https:\/\/portalnetsites.com\/bmwEcommerceWP\/wp-content\/uploads\/2023\/09\/L-RedMotors.png","width":200,"height":48,"caption":"Red Motors"},"image":{"@id":"https:\/\/portalnetsites.com\/bmwEcommerceWP\/#\/schema\/logo\/image\/"}}]}},"_links":{"self":[{"href":"https:\/\/portalnetsites.com\/bmwEcommerceWP\/wp-json\/wp\/v2\/product\/32954","targetHints":{"allow":["GET"]}}],"collection":[{"href":"https:\/\/portalnetsites.com\/bmwEcommerceWP\/wp-json\/wp\/v2\/product"}],"about":[{"href":"https:\/\/portalnetsites.com\/bmwEcommerceWP\/wp-json\/wp\/v2\/types\/product"}],"replies":[{"embeddable":true,"href":"https:\/\/portalnetsites.com\/bmwEcommerceWP\/wp-json\/wp\/v2\/comments?post=32954"}],"wp:featuredmedia":[{"embeddable":true,"href":"https:\/\/portalnetsites.com\/bmwEcommerceWP\/wp-json\/wp\/v2\/media\/33026"}],"wp:attachment":[{"href":"https:\/\/portalnetsites.com\/bmwEcommerceWP\/wp-json\/wp\/v2\/media?parent=32954"}],"wp:term":[{"taxonomy":"product_brand","embeddable":true,"href":"https:\/\/portalnetsites.com\/bmwEcommerceWP\/wp-json\/wp\/v2\/product_brand?post=32954"},{"taxonomy":"product_cat","embeddable":true,"href":"https:\/\/portalnetsites.com\/bmwEcommerceWP\/wp-json\/wp\/v2\/product_cat?post=32954"},{"taxonomy":"product_tag","embeddable":true,"href":"https:\/\/portalnetsites.com\/bmwEcommerceWP\/wp-json\/wp\/v2\/product_tag?post=32954"}],"curies":[{"name":"wp","href":"https:\/\/api.w.org\/{rel}","templated":true}]}}